{"id":12,"date":"2026-04-13T20:10:38","date_gmt":"2026-04-13T20:10:38","guid":{"rendered":"https:\/\/roysnid.com\/?page_id=12"},"modified":"2026-04-13T20:10:38","modified_gmt":"2026-04-13T20:10:38","slug":"myndir","status":"publish","type":"page","link":"https:\/\/roysnid.com\/?page_id=12","title":{"rendered":"MYNDIR"},"content":{"rendered":"\n<p><a href=\"https:\/\/photos.app.goo.gl\/Z6MvBCXFIuvsDbvq1\" target=\"_blank\" rel=\"noreferrer noopener\">N\u00fdggj\u00e1rsh\u00e1lvmarathon 2018<\/a>&nbsp;(myndir: J. Poulsen)<\/p>\n\n\n\n<p><a href=\"https:\/\/photos.google.com\/share\/AF1QipNn9p-rl05O0ymhtEbjt0U4cTl6T36UipCggC6J6zRjsd5SUJcbNb3XkKHOfipxYw?key=U1pZQ0pFSlJzenhKWTExOVVHWkYzTGlVLUUyN09n\" target=\"_blank\" rel=\"noreferrer noopener\">V\u00e1rkappingin \/ FM10 2017<\/a>&nbsp;(myndir: J. Poulsen)<\/p>\n\n\n\n<p><a href=\"https:\/\/goo.gl\/photos\/fNvjxhFJjyhh4hL59\" target=\"_blank\" rel=\"noreferrer noopener\">N\u00fdggj\u00e1rsh\u00e1lvmarathon 2017<\/a>&nbsp;(myndir: J. Poulsen)<\/p>\n\n\n\n<p><a href=\"https:\/\/goo.gl\/photos\/K7ZZzDMB6BYnRkPq8\" target=\"_blank\" rel=\"noreferrer noopener\">Runt Agni\u00f0 2016<\/a>&nbsp;(myndir: M. Pattinson v. fl.)<\/p>\n\n\n\n<p><a href=\"https:\/\/get.google.com\/albumarchive\/117242881555420040312\/album\/AF1QipMn-m0a_TU0Q4sl5EdhcbParvfoY6GaIyzuHcGQ\" target=\"_blank\" rel=\"noreferrer noopener\">V\u00e1rkappingin \/ FM10 2016<\/a>&nbsp;(myndir: Ingun &amp; Gutti)<\/p>\n\n\n\n<p><a href=\"https:\/\/get.google.com\/albumarchive\/117242881555420040312\/album\/AF1QipOx_xDN2xq9KwBiHuRBrZ6czkftYaDtmfA_hvWR\" target=\"_blank\" rel=\"noreferrer noopener\">V\u00e1rkappingin \/ FM10 2016<\/a>&nbsp;(myndir: Roysni\u00f0)<\/p>\n\n\n\n<p><a href=\"https:\/\/get.google.com\/albumarchive\/117242881555420040312\/album\/AF1QipNBTwhY231UNPVhTFi0jO7iG2X0CcHR_NqO6Gs9\" target=\"_blank\" rel=\"noreferrer noopener\">N\u00fdggj\u00e1rsh\u00e1lvmarathon 2016<\/a>&nbsp;(myndir: ?)<\/p>\n\n\n\n<p><a href=\"https:\/\/get.google.com\/albumarchive\/117242881555420040312\/album\/AF1QipO-hezKUgCoyY8z4HhAAr8hcy3LqYMLWAi416xO\" target=\"_blank\" rel=\"noreferrer noopener\">N\u00fdggj\u00e1rsh\u00e1lvmarathon 2016<\/a>&nbsp;(myndir: J\u00f3annes S. Poulsen)<\/p>\n\n\n\n<p><a href=\"https:\/\/get.google.com\/albumarchive\/117242881555420040312\/album\/AF1QipMtRzc2KIdXrfvc0f0YLTr8cfHHQjz8RDJOhauT\" target=\"_blank\" rel=\"noreferrer noopener\">Runt Agni\u00f0 2015<\/a><\/p>\n\n\n\n<p><a href=\"https:\/\/get.google.com\/albumarchive\/117242881555420040312\/album\/AF1QipPNJZYslvku60-LetNm63rQN8-W-2yZWjZygrjU\" target=\"_blank\" rel=\"noreferrer noopener\">V\u00e1rkappingin \/ FM10 2015<\/a>&nbsp;(myndir: J\u00f3annes S. Poulsen)<\/p>\n\n\n\n<p><a href=\"https:\/\/plus.google.com\/photos\/117242881555420040312\/album\/6100139105593964161\" target=\"_blank\" rel=\"noreferrer noopener\">N\u00fdggj\u00e1rsh\u00e1lvmarathon 2015<\/a>&nbsp;(myndir Gunnar Johannessen)<\/p>\n\n\n\n<p><a href=\"https:\/\/get.google.com\/albumarchive\/117242881555420040312\/album\/AF1QipM_63NA5C4boxjrz-EBcHwLpLP-uXMhTVXH4hBl\" target=\"_blank\" rel=\"noreferrer noopener\">Runt Agni\u00f0 2014<\/a>&nbsp;(myndir: J. Poulsen)<\/p>\n\n\n\n<p><a href=\"https:\/\/get.google.com\/albumarchive\/117242881555420040312\/album\/AF1QipPJyYHpUh4uiw_clZYjMPwgCEzf5282-S_orQcp\" target=\"_blank\" rel=\"noreferrer noopener\">Eystanstevnurenning &amp; GP3 2014<\/a>&nbsp;\u00ed&nbsp;Runav\u00edk (myndir: Hanna Egilsd\u00f3ttir)<\/p>\n\n\n\n<p><a href=\"https:\/\/get.google.com\/albumarchive\/117242881555420040312\/album\/AF1QipOq58iVGl0Vlmec8pUIiF_WKqmXyYtrKTa4gVNS\" target=\"_blank\" rel=\"noreferrer noopener\">V\u00e1rkappingin \/ FM10 2014&nbsp;<\/a>&nbsp;(myndir: J. Poulsen)<\/p>\n\n\n\n<p><a href=\"https:\/\/get.google.com\/albumarchive\/117242881555420040312\/album\/AF1QipOycPUuNlFE46AUrMcJOTVeadWLzzDhmaCu37z5\" target=\"_blank\" rel=\"noreferrer noopener\">N\u00fdggj\u00e1rsh\u00e1lvmarathon 2014<\/a>&nbsp;(myndir: Hanna Egilsd\u00f3ttir)<\/p>\n\n\n\n<p><a href=\"https:\/\/get.google.com\/albumarchive\/117242881555420040312\/album\/AF1QipPvE2_EMXjdnJknOgx-7CqGtv48t_DohffrrwGM\" target=\"_blank\" rel=\"noreferrer noopener\">N\u00fdggj\u00e1rsh\u00e1lvmarathon 2014<\/a>&nbsp;(myndir: J. Poulsen)<\/p>\n\n\n\n<p><a href=\"https:\/\/get.google.com\/albumarchive\/117242881555420040312\/album\/AF1QipN5yf6_QGyfJ9_B2bFa6tAkc4OiNQ5holTezWBa\" target=\"_blank\" rel=\"noreferrer noopener\">Runt Agni\u00f0 2013<\/a>&nbsp;(myndir: Hanna Egilsd\u00f3ttir)<\/p>\n\n\n\n<p><a href=\"https:\/\/get.google.com\/albumarchive\/117242881555420040312\/album\/AF1QipNr0BAV4q06f2_plWCKgmWbTwR6aRz5pMwb1ZY_\" target=\"_blank\" rel=\"noreferrer noopener\">Fjar\u00f0astevnurenning 2013<\/a>&nbsp;(myndir: Gunnar Johannessen)<\/p>\n\n\n\n<p><a href=\"https:\/\/get.google.com\/albumarchive\/117242881555420040312\/album\/AF1QipP91NmB6_BgvdTFsqzmmISdGrR49HRZNyF1J83p\" target=\"_blank\" rel=\"noreferrer noopener\">V\u00e1rkappingin \/ FM10 2013&nbsp;<\/a>&nbsp;(myndir: J. Poulsen)<\/p>\n\n\n\n<p><a href=\"http:\/\/www.einarvang.com\/vk7_2013\" target=\"_blank\" rel=\"noreferrer noopener\">V\u00e1rkapping \/ FM10 2013<\/a>&nbsp;(myndir: Einar Vang)<\/p>\n\n\n\n<p><a href=\"https:\/\/get.google.com\/albumarchive\/117242881555420040312\/album\/AF1QipO3XWCBraLNN4kAZyntnedzBr0VqEWFAbQtc4eF\" target=\"_blank\" rel=\"noreferrer noopener\">N\u00fdggj\u00e1rsh\u00e1lvmarathon 2013<\/a>&nbsp;(myndir: Gutti og Andreas)<\/p>\n\n\n\n<p><a href=\"https:\/\/get.google.com\/albumarchive\/117242881555420040312\/album\/AF1QipNTF-MM2Mfh-e5pP3u-BNRKbrwOPb4dqkBBN88G\" target=\"_blank\" rel=\"noreferrer noopener\">Runt Agni\u00f0 2012<\/a><\/p>\n\n\n\n<p><a href=\"https:\/\/get.google.com\/albumarchive\/117242881555420040312\/album\/AF1QipOrY7PWAGYnwP5y2fp4U-zoSCeOgnbiVtCtbx9Y\" target=\"_blank\" rel=\"noreferrer noopener\">FM10 2012<\/a>&nbsp;13\/6-2012 (myndir: J. Poulsen)<\/p>\n\n\n\n<p><a href=\"https:\/\/get.google.com\/albumarchive\/117242881555420040312\/album\/AF1QipPvcsBqEY7vxm1rTgMliOKHb0sQJJub4qCF-iA_\" target=\"_blank\" rel=\"noreferrer noopener\">V\u00e1rkapping 2012 (VK-5)<\/a>&nbsp;25\/3-2012<\/p>\n\n\n\n<p><a href=\"https:\/\/get.google.com\/albumarchive\/117242881555420040312\/album\/AF1QipMtn5e9Q2EW2qed2rUGudxrAT0KCAqVK2jJbNrN\" target=\"_blank\" rel=\"noreferrer noopener\">N\u00fdggj\u00e1rsh\u00e1lvmarathon 2012<\/a><\/p>\n\n\n\n<p><a href=\"https:\/\/get.google.com\/albumarchive\/117242881555420040312\/album\/AF1QipNZd4m13LX_B3ly_RCyLgWy4MvaaAItam39aLB7\" target=\"_blank\" rel=\"noreferrer noopener\">Runt Agni\u00f0 2011<\/a>&nbsp;myndir \u00e1 rutuni<\/p>\n\n\n\n<p><a href=\"https:\/\/get.google.com\/albumarchive\/117242881555420040312\/album\/AF1QipOYtsUuUIGVZNSiuW7Fp5JRBO1IBRErT7ZFhdjo\" target=\"_blank\" rel=\"noreferrer noopener\">Runt Agni\u00f0 2011<\/a>&nbsp;myndir \u00e1 m\u00e1linum<\/p>\n\n\n\n<p><a href=\"https:\/\/get.google.com\/albumarchive\/117242881555420040312\/album\/AF1QipP1SuXPV6H5NpktbOvcJOB7TwfFr-MmsEX_fxck\" target=\"_blank\" rel=\"noreferrer noopener\">Runt Agni\u00f0 2011<\/a>&nbsp;(myndir: S\u00f8lvi R. Hansen)<\/p>\n\n\n\n<p><a href=\"https:\/\/get.google.com\/albumarchive\/117242881555420040312\/album\/AF1QipOn1LqOngvyAWqjgIV8w2cs0JJ3mPg3-1N0Bfem\" target=\"_blank\" rel=\"noreferrer noopener\">N\u00fdggj\u00e1rsh\u00e1lvmarathon 2011<\/a>&nbsp;(myndir: J\u00f3annes S. Poulsen)<\/p>\n\n\n\n<p><a href=\"https:\/\/get.google.com\/albumarchive\/117242881555420040312\/album\/AF1QipP99wZoBDMaY93WB_DT_IhM0ufmgJXXAc-ccOhd\" target=\"_blank\" rel=\"noreferrer noopener\">N\u00fdggj\u00e1rsh\u00e1lvmarathon 2011<\/a>&nbsp;(myndir: J\u00f3run M\u00f8rk\u00f8re)<\/p>\n","protected":false},"excerpt":{"rendered":"<p>N\u00fdggj\u00e1rsh\u00e1lvmarathon 2018&nbsp;(myndir: J. Poulsen) V\u00e1rkappingin \/ FM10 2017&nbsp;(myndir: J. Poulsen) N\u00fdggj\u00e1rsh\u00e1lvmarathon 2017&nbsp;(myndir: J. Poulsen) Runt Agni\u00f0 2016&nbsp;(myndir: M. Pattinson v. fl.) V\u00e1rkappingin \/ FM10 2016&nbsp;(myndir: Ingun &amp; Gutti) V\u00e1rkappingin \/ FM10 2016&nbsp;(myndir: Roysni\u00f0) N\u00fdggj\u00e1rsh\u00e1lvmarathon 2016&nbsp;(myndir: ?) N\u00fdggj\u00e1rsh\u00e1lvmarathon 2016&nbsp;(myndir: J\u00f3annes S. Poulsen) Runt Agni\u00f0 2015 V\u00e1rkappingin \/ FM10 2015&nbsp;(myndir: J\u00f3annes S. Poulsen) N\u00fdggj\u00e1rsh\u00e1lvmarathon 2015&nbsp;(myndir Gunnar Johannessen)<\/p>\n","protected":false},"author":1,"featured_media":0,"parent":0,"menu_order":0,"comment_status":"closed","ping_status":"closed","template":"","meta":{"footnotes":""},"class_list":["post-12","page","type-page","status-publish","hentry"],"_links":{"self":[{"href":"https:\/\/roysnid.com\/index.php?rest_route=\/wp\/v2\/pages\/12","targetHints":{"allow":["GET"]}}],"collection":[{"href":"https:\/\/roysnid.com\/index.php?rest_route=\/wp\/v2\/pages"}],"about":[{"href":"https:\/\/roysnid.com\/index.php?rest_route=\/wp\/v2\/types\/page"}],"author":[{"embeddable":true,"href":"https:\/\/roysnid.com\/index.php?rest_route=\/wp\/v2\/users\/1"}],"replies":[{"embeddable":true,"href":"https:\/\/roysnid.com\/index.php?rest_route=%2Fwp%2Fv2%2Fcomments&post=12"}],"version-history":[{"count":1,"href":"https:\/\/roysnid.com\/index.php?rest_route=\/wp\/v2\/pages\/12\/revisions"}],"predecessor-version":[{"id":13,"href":"https:\/\/roysnid.com\/index.php?rest_route=\/wp\/v2\/pages\/12\/revisions\/13"}],"wp:attachment":[{"href":"https:\/\/roysnid.com\/index.php?rest_route=%2Fwp%2Fv2%2Fmedia&parent=12"}],"curies":[{"name":"wp","href":"https:\/\/api.w.org\/{rel}","templated":true}]}}