{"id":22,"date":"2026-04-13T20:15:30","date_gmt":"2026-04-13T20:15:30","guid":{"rendered":"https:\/\/roysnid.com\/?page_id=22"},"modified":"2026-05-07T13:30:25","modified_gmt":"2026-05-07T13:30:25","slug":"felagid","status":"publish","type":"page","link":"https:\/\/roysnid.com\/?page_id=22","title":{"rendered":"FELAGI\u00d0"},"content":{"rendered":"\r\n<p>Roysni\u00f0 er felag fyri fr\u00e6lsan \u00edtr\u00f3tt \u00ed Eysturoynni, undir sersambandinum <a href=\"http:\/\/www.fif.fo\">F\u00cdF<\/a>, og er heimahoyrandi \u00ed Runav\u00edk.<\/p>\r\n\r\n\r\n\r\n<p>Felagi\u00f0 er stovna\u00f0 16\/1-1998 (endurstovna\u00f0 7\/3-2013).<\/p>\r\n\r\n\r\n\r\n<p>Postadressan er:\u00a0\u00cdtr\u00f3ttarfelagi\u00f0 Roysni\u00f0 (c\/o A. Johannessen) Agni\u00f0 8, FO-655 Nes (E).<\/p>\r\n\r\n\r\n\r\n<p>Samband f\u00e6st vi\u00f0 at senda teldupost til\u00a0roysnid@mail.fo ella vi\u00f0 at heita \u00e1 nevnd felagsins.<\/p>\r\n\r\n\r\n\r\n<p>H\u00f8vu\u00f0sstu\u00f0ul er Byggivirki\u00f0 KBH \u00e1 Toftum.<\/p>\r\n\r\n\r\n\r\n<figure class=\"wp-block-image size-full\"><img decoding=\"async\" width=\"277\" height=\"111\" class=\"lazyload wp-image-23\" src=\"data:image\/svg+xml,%3Csvg%20xmlns%3D%27http%3A%2F%2Fwww.w3.org%2F2000%2Fsvg%27%20width%3D%27277%27%20height%3D%27111%27%20viewBox%3D%270%200%20277%20111%27%3E%3Crect%20width%3D%27277%27%20height%3D%27111%27%20fill-opacity%3D%220%22%2F%3E%3C%2Fsvg%3E\" data-orig-src=\"https:\/\/roysnid.com\/wp-content\/uploads\/2026\/04\/KBH.png\" alt=\"\" \/><\/figure>\r\n","protected":false},"excerpt":{"rendered":"<p>Roysni\u00f0 er felag fyri fr\u00e6lsan \u00edtr\u00f3tt \u00ed Eysturoynni, undir sersambandinum F\u00cdF, og er heimahoyrandi \u00ed Runav\u00edk. Felagi\u00f0 er stovna\u00f0 16\/1-1998 (endurstovna\u00f0 7\/3-2013). Postadressan er:\u00a0\u00cdtr\u00f3ttarfelagi\u00f0 Roysni\u00f0 (c\/o A. Johannessen) Agni\u00f0 8, FO-655 Nes (E). Samband f\u00e6st vi\u00f0 at senda teldupost til\u00a0roysnid@mail.fo ella vi\u00f0 at heita \u00e1 nevnd felagsins. H\u00f8vu\u00f0sstu\u00f0ul er Byggivirki\u00f0 KBH \u00e1 Toftum.<\/p>\n","protected":false},"author":1,"featured_media":0,"parent":0,"menu_order":0,"comment_status":"closed","ping_status":"closed","template":"","meta":{"footnotes":""},"class_list":["post-22","page","type-page","status-publish","hentry"],"_links":{"self":[{"href":"https:\/\/roysnid.com\/index.php?rest_route=\/wp\/v2\/pages\/22","targetHints":{"allow":["GET"]}}],"collection":[{"href":"https:\/\/roysnid.com\/index.php?rest_route=\/wp\/v2\/pages"}],"about":[{"href":"https:\/\/roysnid.com\/index.php?rest_route=\/wp\/v2\/types\/page"}],"author":[{"embeddable":true,"href":"https:\/\/roysnid.com\/index.php?rest_route=\/wp\/v2\/users\/1"}],"replies":[{"embeddable":true,"href":"https:\/\/roysnid.com\/index.php?rest_route=%2Fwp%2Fv2%2Fcomments&post=22"}],"version-history":[{"count":3,"href":"https:\/\/roysnid.com\/index.php?rest_route=\/wp\/v2\/pages\/22\/revisions"}],"predecessor-version":[{"id":5357,"href":"https:\/\/roysnid.com\/index.php?rest_route=\/wp\/v2\/pages\/22\/revisions\/5357"}],"wp:attachment":[{"href":"https:\/\/roysnid.com\/index.php?rest_route=%2Fwp%2Fv2%2Fmedia&parent=22"}],"curies":[{"name":"wp","href":"https:\/\/api.w.org\/{rel}","templated":true}]}}