{"id":28,"date":"2026-04-13T20:17:00","date_gmt":"2026-04-13T20:17:00","guid":{"rendered":"https:\/\/roysnid.com\/?page_id=28"},"modified":"2026-05-08T19:14:54","modified_gmt":"2026-05-08T19:14:54","slug":"nevndin","status":"publish","type":"page","link":"https:\/\/roysnid.com\/?page_id=28","title":{"rendered":"NEVNDIN"},"content":{"rendered":"\r\n<p>(pr. 11\/3-26)<\/p>\r\n\r\n\r\n\r\n<p>Ingi Johannessen, forma\u00f0ur<br \/>Mattias \u00ed Lambanum, n\u00e6stforma\u00f0ur.<br \/>Hallbj\u00f8rg Danielsen, skrivari<br \/>J\u00f8rgin Joensen, kassam.<br \/>Terje Hansen, nevndarlimur<br \/>Julianna Frederiksberg, varalimur<br \/>Malan Joensen, varalimur<\/p>\r\n","protected":false},"excerpt":{"rendered":"<p>(pr. 11\/3-26) Ingi Johannessen, forma\u00f0urMattias \u00ed Lambanum, n\u00e6stforma\u00f0ur.Hallbj\u00f8rg Danielsen, skrivariJ\u00f8rgin Joensen, kassam.Terje Hansen, nevndarlimurJulianna Frederiksberg, varalimurMalan Joensen, varalimur<\/p>\n","protected":false},"author":1,"featured_media":5402,"parent":22,"menu_order":0,"comment_status":"closed","ping_status":"closed","template":"","meta":{"footnotes":""},"class_list":["post-28","page","type-page","status-publish","has-post-thumbnail","hentry"],"_links":{"self":[{"href":"https:\/\/roysnid.com\/index.php?rest_route=\/wp\/v2\/pages\/28","targetHints":{"allow":["GET"]}}],"collection":[{"href":"https:\/\/roysnid.com\/index.php?rest_route=\/wp\/v2\/pages"}],"about":[{"href":"https:\/\/roysnid.com\/index.php?rest_route=\/wp\/v2\/types\/page"}],"author":[{"embeddable":true,"href":"https:\/\/roysnid.com\/index.php?rest_route=\/wp\/v2\/users\/1"}],"replies":[{"embeddable":true,"href":"https:\/\/roysnid.com\/index.php?rest_route=%2Fwp%2Fv2%2Fcomments&post=28"}],"version-history":[{"count":4,"href":"https:\/\/roysnid.com\/index.php?rest_route=\/wp\/v2\/pages\/28\/revisions"}],"predecessor-version":[{"id":5360,"href":"https:\/\/roysnid.com\/index.php?rest_route=\/wp\/v2\/pages\/28\/revisions\/5360"}],"up":[{"embeddable":true,"href":"https:\/\/roysnid.com\/index.php?rest_route=\/wp\/v2\/pages\/22"}],"wp:featuredmedia":[{"embeddable":true,"href":"https:\/\/roysnid.com\/index.php?rest_route=\/wp\/v2\/media\/5402"}],"wp:attachment":[{"href":"https:\/\/roysnid.com\/index.php?rest_route=%2Fwp%2Fv2%2Fmedia&parent=28"}],"curies":[{"name":"wp","href":"https:\/\/api.w.org\/{rel}","templated":true}]}}