{"id":30,"date":"2026-04-13T20:18:18","date_gmt":"2026-04-13T20:18:18","guid":{"rendered":"https:\/\/roysnid.com\/?page_id=30"},"modified":"2026-04-13T20:43:54","modified_gmt":"2026-04-13T20:43:54","slug":"limaskapur","status":"publish","type":"page","link":"https:\/\/roysnid.com\/?page_id=30","title":{"rendered":"LIMASKAPUR"},"content":{"rendered":"\n<p>Limagjaldi\u00f0 er kr. 200,- fyri \u00e1ri\u00f0<\/p>\n\n\n\n<p>Fyri b\u00f8rn er limagjaldi\u00f0 kr. 100,-<\/p>\n\n\n\n<p>H\u00faski: kr. 400,-<\/p>\n\n\n\n<p>Konto felagsins: 6460-3862552 Navn, b\u00fasta\u00f0ur, f\u00f8\u00f0idato, teldupostadressa og telefonnr. eigur at vera uppl\u00fdst nenvdini t\u00e1 n\u00fdggjir limir tekna seg. Vi\u00f0 innliman av h\u00faski, vil nevndin fegin vita n\u00f8vnini \u00e1 \u00f8llum limum \u00e1 b\u00fasta\u00f0num. Hetta kann gerast vi\u00f0 telduposti til roysnid@mail.com.<\/p>\n","protected":false},"excerpt":{"rendered":"<p>Limagjaldi\u00f0 er kr. 200,- fyri \u00e1ri\u00f0 Fyri b\u00f8rn er limagjaldi\u00f0 kr. 100,- H\u00faski: kr. 400,- Konto felagsins: 6460-3862552 Navn, b\u00fasta\u00f0ur, f\u00f8\u00f0idato, teldupostadressa og telefonnr. eigur at vera uppl\u00fdst nenvdini t\u00e1 n\u00fdggjir limir tekna seg. Vi\u00f0 innliman av h\u00faski, vil nevndin fegin vita n\u00f8vnini \u00e1 \u00f8llum limum \u00e1 b\u00fasta\u00f0num. Hetta kann gerast vi\u00f0 telduposti til roysnid@mail.com.<\/p>\n","protected":false},"author":1,"featured_media":0,"parent":22,"menu_order":0,"comment_status":"closed","ping_status":"closed","template":"","meta":{"footnotes":""},"class_list":["post-30","page","type-page","status-publish","hentry"],"_links":{"self":[{"href":"https:\/\/roysnid.com\/index.php?rest_route=\/wp\/v2\/pages\/30","targetHints":{"allow":["GET"]}}],"collection":[{"href":"https:\/\/roysnid.com\/index.php?rest_route=\/wp\/v2\/pages"}],"about":[{"href":"https:\/\/roysnid.com\/index.php?rest_route=\/wp\/v2\/types\/page"}],"author":[{"embeddable":true,"href":"https:\/\/roysnid.com\/index.php?rest_route=\/wp\/v2\/users\/1"}],"replies":[{"embeddable":true,"href":"https:\/\/roysnid.com\/index.php?rest_route=%2Fwp%2Fv2%2Fcomments&post=30"}],"version-history":[{"count":1,"href":"https:\/\/roysnid.com\/index.php?rest_route=\/wp\/v2\/pages\/30\/revisions"}],"predecessor-version":[{"id":31,"href":"https:\/\/roysnid.com\/index.php?rest_route=\/wp\/v2\/pages\/30\/revisions\/31"}],"up":[{"embeddable":true,"href":"https:\/\/roysnid.com\/index.php?rest_route=\/wp\/v2\/pages\/22"}],"wp:attachment":[{"href":"https:\/\/roysnid.com\/index.php?rest_route=%2Fwp%2Fv2%2Fmedia&parent=30"}],"curies":[{"name":"wp","href":"https:\/\/api.w.org\/{rel}","templated":true}]}}