{"id":5347,"date":"2026-04-13T22:10:31","date_gmt":"2026-04-13T22:10:31","guid":{"rendered":"https:\/\/roysnid.com\/?page_id=5347"},"modified":"2026-05-08T22:54:56","modified_gmt":"2026-05-08T22:54:56","slug":"nyggjarshalvmarathon","status":"publish","type":"page","link":"https:\/\/roysnid.com\/?page_id=5347","title":{"rendered":"N\u00ddGGJ\u00c1RSH\u00c1LVMARATHON"},"content":{"rendered":"<p>Tekstur um N\u00fdggj\u00e1rsh\u00e1lvmarathon.<\/p>\n<p><strong>\u00darslit<\/strong><\/p>\n<p><a href=\"https:\/\/roysnid.com\/wp-content\/uploads\/2026\/05\/FM-Halvmarathon-01.09.96.pdf\">FM Ha\u0301lvmarathon 01.09.96<\/a><\/p>\n<p><a href=\"https:\/\/roysnid.com\/wp-content\/uploads\/2026\/05\/Halvmarathon-Toftir-16.05.98.pdf\">Ha\u0301lvmarathon Toftir 16.05.98<\/a><\/p>\n<p><a href=\"https:\/\/roysnid.com\/wp-content\/uploads\/2026\/05\/Halvmarathon-Toftir-08.04.00.pdf\">Ha\u0301lvmarathon Toftir 08.04.00<\/a><\/p>\n<p><a href=\"https:\/\/roysnid.com\/wp-content\/uploads\/2026\/05\/Nyggjarshalvmarathon-05.01.02.pdf\">Ny\u0301ggja\u0301rsha\u0301lvmarathon 05.01.02<\/a><\/p>\n<p><a href=\"https:\/\/roysnid.com\/wp-content\/uploads\/2026\/05\/Nyggjarshalvmarathon-11.01.03.pdf\">Ny\u0301ggja\u0301rsha\u0301lvmarathon 11.01.03<\/a><\/p>\n<p><a href=\"https:\/\/roysnid.com\/wp-content\/uploads\/2026\/05\/Nyggjarshalvmarathon-10.01.04.pdf\">Ny\u0301ggja\u0301rsha\u0301lvmarathon 10.01.04<\/a><\/p>\n<p><a href=\"https:\/\/roysnid.com\/wp-content\/uploads\/2026\/05\/Nyggjarshalvmarathon-08.01.05.pdf\">Ny\u0301ggja\u0301rsha\u0301lvmarathon 08.01.05<\/a><\/p>\n<p><a href=\"https:\/\/roysnid.com\/wp-content\/uploads\/2026\/05\/Nyggjarshalvmarathon-07.01.06.pdf\">Ny\u0301ggja\u0301rsha\u0301lvmarathon 07.01.06<\/a><\/p>\n","protected":false},"excerpt":{"rendered":"<p>Tekstur um N\u00fdggj\u00e1rsh\u00e1lvmarathon. \u00darslit FM Ha\u0301lvmarathon 01.09.96 Ha\u0301lvmarathon Toftir 16.05.98 Ha\u0301lvmarathon Toftir 08.04.00 Ny\u0301ggja\u0301rsha\u0301lvmarathon 05.01.02 Ny\u0301ggja\u0301rsha\u0301lvmarathon 11.01.03 Ny\u0301ggja\u0301rsha\u0301lvmarathon 10.01.04 Ny\u0301ggja\u0301rsha\u0301lvmarathon 08.01.05 Ny\u0301ggja\u0301rsha\u0301lvmarathon 07.01.06<\/p>\n","protected":false},"author":1,"featured_media":5399,"parent":14,"menu_order":0,"comment_status":"closed","ping_status":"closed","template":"","meta":{"footnotes":""},"class_list":["post-5347","page","type-page","status-publish","has-post-thumbnail","hentry"],"_links":{"self":[{"href":"https:\/\/roysnid.com\/index.php?rest_route=\/wp\/v2\/pages\/5347","targetHints":{"allow":["GET"]}}],"collection":[{"href":"https:\/\/roysnid.com\/index.php?rest_route=\/wp\/v2\/pages"}],"about":[{"href":"https:\/\/roysnid.com\/index.php?rest_route=\/wp\/v2\/types\/page"}],"author":[{"embeddable":true,"href":"https:\/\/roysnid.com\/index.php?rest_route=\/wp\/v2\/users\/1"}],"replies":[{"embeddable":true,"href":"https:\/\/roysnid.com\/index.php?rest_route=%2Fwp%2Fv2%2Fcomments&post=5347"}],"version-history":[{"count":3,"href":"https:\/\/roysnid.com\/index.php?rest_route=\/wp\/v2\/pages\/5347\/revisions"}],"predecessor-version":[{"id":5414,"href":"https:\/\/roysnid.com\/index.php?rest_route=\/wp\/v2\/pages\/5347\/revisions\/5414"}],"up":[{"embeddable":true,"href":"https:\/\/roysnid.com\/index.php?rest_route=\/wp\/v2\/pages\/14"}],"wp:featuredmedia":[{"embeddable":true,"href":"https:\/\/roysnid.com\/index.php?rest_route=\/wp\/v2\/media\/5399"}],"wp:attachment":[{"href":"https:\/\/roysnid.com\/index.php?rest_route=%2Fwp%2Fv2%2Fmedia&parent=5347"}],"curies":[{"name":"wp","href":"https:\/\/api.w.org\/{rel}","templated":true}]}}